{"id":9174,"date":"2016-09-21T09:16:57","date_gmt":"2016-09-21T11:16:57","guid":{"rendered":"https:\/\/www.sekluva.lt\/musu-parduotuves\/"},"modified":"2023-02-08T01:08:18","modified_gmt":"2023-02-07T23:08:18","slug":"our-stores","status":"publish","type":"page","link":"https:\/\/www.sekluva.lt\/en\/our-stores\/","title":{"rendered":"Our stores"},"content":{"rendered":"<section class=\"wpb-content-wrapper\"><div class=\"vc_row wpb_row vc_row-fluid vc_row-has-fill\">\n<div class=\"wpb_column vc_column_container vc_col-sm-6\">\n<div class=\"info-blokas wpb_wrapper\">\n<h2>Vilnius<\/h2>\n<p><strong>Kalvarij\u0173 g. 66<\/strong> (in front of Kalvarij\u0173 market)<br \/>\nLT-09303 Vilnius<br \/>\nTel.: <a href=\"tel:+37052324215\">(8 5) 232 42 15<\/a><br \/>\n<script type=\"text\/javascript\">eval(decodeURIComponent('document.write%28%27El.%20pa%C5%A1tas%3A%20%3Ca%20href%3D%22%23%22%20data-e%3D%22ivnlui%40seslkvu.atl%22%20onMouseOver%3D%22javascript%3At01%28this%2C%20this.dataset.e%29%22%20onFocus%3D%22javascript%3At01%28this%2C%20this.dataset.e%29%22%3E%27%2Bp01%28%27ivnlui%40seslkvu.atl%27%29%2B%27%3C%2Fa%3E%27%29%3B'))<\/script><\/p>\n<p><strong>Opening times<\/strong><br \/>\nI 08:00\u201314:00<br \/>\nII\u2013V 08:00\u201316:00<br \/>\nVI 08:00\u201314:00<br \/>\nClosed on Sundays and public holidays.<\/p>\n<div class=\"map wpb_gmaps_widget\"><iframe src=\"https:\/\/www.google.com\/maps\/embed?pb=!1m18!1m12!1m3!1d2305.4830388288174!2d25.280838509706342!3d54.70112431211035!2m3!1f0!2f0!3f0!3m2!1i1024!2i768!4f13.1!3m3!1m2!1s0x46dd96a9e56ed7b7%3A0x1113303650e1b0!2zU8SXa2x1dmE!5e0!3m2!1sen!2sus!4v1675433001099!5m2!1sen!2sus\" width=\"600\" height=\"450\" style=\"border:0;\" allowfullscreen=\"\" loading=\"lazy\" referrerpolicy=\"no-referrer-when-downgrade\"><\/iframe><\/div>\n<\/div>\n<\/div>\n<div class=\"wpb_column vc_column_container vc_col-sm-6\">\n<div class=\"info-blokas wpb_wrapper\">\n<h2>Kaunas<\/h2>\n<p><strong>V. Kr\u0117v\u0117s pr. 81<\/strong> (next to &#8220;Kauno saul\u0117tekis&#8221;)<br \/>\nLT-50362 Kaunas<br \/>\nTel.: <a href=\"tel:+37037352572\">(8 37) 35 25 72<\/a><br \/>\n<script type=\"text\/javascript\">eval(decodeURIComponent('document.write%28%27El.%20pa%C5%A1tas%3A%20%3Ca%20href%3D%22%23%22%20data-e%3D%22aknusas%40keulavl.t%22%20onMouseOver%3D%22javascript%3At01%28this%2C%20this.dataset.e%29%22%20onFocus%3D%22javascript%3At01%28this%2C%20this.dataset.e%29%22%3E%27%2Bp01%28%27aknusas%40keulavl.t%27%29%2B%27%3C%2Fa%3E%27%29%3B'))<\/script><\/p>\n<p><strong>Opening times<\/strong><br \/>\nI 09:00\u201318:00, lunch break 12:00\u201313:00<br \/>\nII\u2013V 09:00\u201318:00<br \/>\nVI 09:00\u201314:00<br \/>\nClosed on Sundays and public holidays.<\/p>\n<div class=\"map wpb_gmaps_widget\"><iframe src=\"https:\/\/www.google.com\/maps\/embed?pb=!1m14!1m8!1m3!1d1630.6429654051879!2d23.97843943868343!3d54.92406269166182!3m2!1i1024!2i768!4f13.1!3m3!1m2!1s0x46e7220e526e5937%3A0x482ce41d950fd17d!2zVUFCIOKAnlPEl2tsdXZh4oCcIEthdW5vIHBhcmR1b3R1dsSX!5e0!3m2!1sen!2sus!4v1675434159157!5m2!1sen!2sus\" width=\"600\" height=\"450\" style=\"border:0;\" allowfullscreen=\"\" loading=\"lazy\" referrerpolicy=\"no-referrer-when-downgrade\"><\/iframe><\/div>\n<\/div>\n<\/div>\n<div class=\"wpb_column vc_column_container vc_col-sm-6\">\n<div class=\"info-blokas wpb_wrapper\">\n<h2>Utena<\/h2>\n<p><strong>Kauno g. 19<\/strong><br \/>\nLT-28249 Utena<br \/>\nTel.: <a href=\"tel:+37038950001\">(8 389) 5 00 01<\/a><br \/>\n<script type=\"text\/javascript\">eval(decodeURIComponent('document.write%28%27El.%20pa%C5%A1tas%3A%20%3Ca%20href%3D%22%23%22%20data-e%3D%22tune%40aeslkvu.atl%22%20onMouseOver%3D%22javascript%3At01%28this%2C%20this.dataset.e%29%22%20onFocus%3D%22javascript%3At01%28this%2C%20this.dataset.e%29%22%3E%27%2Bp01%28%27tune%40aeslkvu.atl%27%29%2B%27%3C%2Fa%3E%27%29%3B'))<\/script><\/p>\n<p><strong>Opening times<\/strong><br \/>\nI 08:00\u201317:00, lunch break 12:00\u201313:00<br \/>\nII\u2013V 08:00\u201318:00<br \/>\nVI 08:00\u201313:00<br \/>\nClosed on Sundays and public holidays.<\/p>\n<div class=\"map wpb_gmaps_widget\"><iframe src=\"https:\/\/www.google.com\/maps\/embed?pb=!1m18!1m12!1m3!1d1967.467222807742!2d25.5964836871371!3d55.4970653920808!2m3!1f0!2f0!3f0!3m2!1i1024!2i768!4f13.1!3m3!1m2!1s0x46e7f12b1b70c5bd%3A0x3438c13814bb95f5!2zVUFCIOKAnlPEl2tsdXZh4oCcIFV0ZW5vcyBwYXJkdW90dXbElw!5e0!3m2!1sen!2sus!4v1675434444930!5m2!1sen!2sus\" width=\"600\" height=\"450\" style=\"border:0;\" allowfullscreen=\"\" loading=\"lazy\" referrerpolicy=\"no-referrer-when-downgrade\"><\/iframe><\/div>\n<\/div>\n<\/div>\n<p><!-- Vievis --><\/p>\n<div class=\"wpb_column vc_column_container vc_col-sm-6\">\n<div class=\"info-blokas wpb_wrapper\">\n<h2>Vievis<\/h2>\n<p><strong>Trak\u0173 g. 13<\/strong><br \/>\nLT-21377 Vievis<br \/>\nTel.: <a href=\"tel:+37052826210\">(8 528) 2 62 10<\/a><br \/>\n<script type=\"text\/javascript\">eval(decodeURIComponent('document.write%28%27El.%20pa%C5%A1tas%3A%20%3Ca%20href%3D%22%23%22%20data-e%3D%22ivveoiapdrs%40keulavl.t%22%20onMouseOver%3D%22javascript%3At01%28this%2C%20this.dataset.e%29%22%20onFocus%3D%22javascript%3At01%28this%2C%20this.dataset.e%29%22%3E%27%2Bp01%28%27ivveoiapdrs%40keulavl.t%27%29%2B%27%3C%2Fa%3E%27%29%3B'))<\/script><\/p>\n<p><strong>Opening times<\/strong><br \/>\nI 09:00\u201318:00, lunch break 13:00\u201314:00<br \/>\nII\u2013V 08:00\u201318:00<br \/>\nVI 08:00\u201314:00<br \/>\nClosed on Sundays and public holidays.<\/p>\n<div class=\"map wpb_gmaps_widget\"><iframe src=\"https:\/\/www.google.com\/maps\/embed?pb=!1m18!1m12!1m3!1d1957.8789061811196!2d24.81333094615303!3d54.76976255508916!2m3!1f0!2f0!3f0!3m2!1i1024!2i768!4f13.1!3m3!1m2!1s0x46e761b84718ba89%3A0x85602f36e5e755ae!2zVUFCIOKAnlPEl2tsdXZh4oCcIFZpZXZpbyBwYXJkdW90dXbElw!5e0!3m2!1sen!2sus!4v1675434636336!5m2!1sen!2sus\" width=\"600\" height=\"450\" style=\"border:0;\" allowfullscreen=\"\" loading=\"lazy\" referrerpolicy=\"no-referrer-when-downgrade\"><\/iframe><\/div>\n<\/div>\n<\/div>\n<p><!-- Marijampol\u0117 --><\/p>\n<div class=\"wpb_column vc_column_container vc_col-sm-6\">\n<div class=\"info-blokas wpb_wrapper\">\n<h2>Marijampol\u0117<\/h2>\n<p><strong>V. Kudirkos g. 47C<\/strong><br \/>\nLT-68305 Marijampol\u0117<br \/>\nTel.: <a href=\"tel:+37034325555\">(8 343) 2 55 55<\/a><br \/>\n<script type=\"text\/javascript\">eval(decodeURIComponent('document.write%28%27El.%20pa%C5%A1tas%3A%20%3Ca%20href%3D%22%23%22%20data-e%3D%22amirajpmlo%40eeslkvu.atl%22%20onMouseOver%3D%22javascript%3At01%28this%2C%20this.dataset.e%29%22%20onFocus%3D%22javascript%3At01%28this%2C%20this.dataset.e%29%22%3E%27%2Bp01%28%27amirajpmlo%40eeslkvu.atl%27%29%2B%27%3C%2Fa%3E%27%29%3B'))<\/script><\/p>\n<p><strong>Opening times<\/strong><br \/>\nI 08:00\u201317:00, lunch break 12:00\u201313:00<br \/>\nII\u2013V 08:00\u201318:00<br \/>\nVI 08:00\u201313:00<br \/>\nClosed on Sundays and public holidays.<\/p>\n<div class=\"map wpb_gmaps_widget\"><iframe src=\"https:\/\/www.google.com\/maps\/embed?pb=!1m14!1m8!1m3!1d818.0462966067203!2d23.353515637668668!3d54.55492715511434!3m2!1i1024!2i768!4f13.1!3m3!1m2!1s0x46e12a21d6605079%3A0xa5460790a331b77b!2zVUFCIOKAnlPEl2tsdXZh4oCcIE1hcmlqYW1wb2zEl3MgcGFyZHVvdHV2xJc!5e0!3m2!1sen!2sus!4v1675434824148!5m2!1sen!2sus\" width=\"600\" height=\"450\" style=\"border:0;\" allowfullscreen=\"\" loading=\"lazy\" referrerpolicy=\"no-referrer-when-downgrade\"><\/iframe><\/div>\n<\/div>\n<\/div>\n<p><!-- Ukmerg\u0117 --><\/p>\n<div class=\"wpb_column vc_column_container vc_col-sm-6\">\n<div class=\"info-blokas wpb_wrapper\">\n<h2>Ukmerg\u0117<\/h2>\n<p><strong>Kauno g. 2<\/strong><br \/>\nLT-20114 Ukmerg\u0117<br \/>\nTel.: <a href=\"tel:+37034044111\">(8 340) 44 111<\/a><br \/>\n<script type=\"text\/javascript\">eval(decodeURIComponent('document.write%28%27El.%20pa%C5%A1tas%3A%20%3Ca%20href%3D%22%23%22%20data-e%3D%22kuemgr%40eeslkvu.atl%22%20onMouseOver%3D%22javascript%3At01%28this%2C%20this.dataset.e%29%22%20onFocus%3D%22javascript%3At01%28this%2C%20this.dataset.e%29%22%3E%27%2Bp01%28%27kuemgr%40eeslkvu.atl%27%29%2B%27%3C%2Fa%3E%27%29%3B'))<\/script><\/p>\n<p><strong>Opening times<\/strong><br \/>\nI 09:00\u201318:00, lunch break 12:00\u201313:00<br \/>\nII\u2013V 08:00\u201318:00<br \/>\nVI 08:00\u201315:00<br \/>\nClosed on Sundays and public holidays.<\/p>\n<div class=\"map wpb_gmaps_widget\"><iframe src=\"https:\/\/www.google.com\/maps\/embed?pb=!1m18!1m12!1m3!1d568.5538072908778!2d24.76241402926565!3d55.24944589877638!2m3!1f0!2f0!3f0!3m2!1i1024!2i768!4f13.1!3m3!1m2!1s0x46e7994b3fff154f%3A0x576d04108554de2!2zVUFCIOKAnlPEl2tsdXZh4oCcIFVrbWVyZ8SXcyBwYXJkdW90dXbElw!5e0!3m2!1sen!2sus!4v1675435052505!5m2!1sen!2sus\" width=\"600\" height=\"450\" style=\"border:0;\" allowfullscreen=\"\" loading=\"lazy\" referrerpolicy=\"no-referrer-when-downgrade\"><\/iframe><\/div>\n<\/div>\n<\/div>\n<\/div>\n<div class=\"vc_row wpb_row vc_row-fluid\">\n<div class=\"wpb_column vc_column_container vc_col-sm-12\">\n<div class=\"vc_column-inner\">\n<div class=\"wpb_wrapper\">\n<div class=\"map wpb_gmaps_widget\"><iframe loading=\"lazy\" src=\"https:\/\/www.google.com\/maps\/d\/embed?mid=10wDj7d89dca7pgn4zk2dXZEKTZY&amp;ehbc=2E312F&amp;hl=en\" width=\"100%\" height=\"600\"><\/iframe><\/div>\n<\/div>\n<\/div>\n<\/div>\n<\/div>\n<\/section>","protected":false},"excerpt":{"rendered":"<p>Vilnius Kalvarij\u0173 g. 66 (in front of Kalvarij\u0173 market) LT-09303 Vilnius Tel.: (8 5) 232 42 15 Opening times I 08:00\u201314:00 II\u2013V 08:00\u201316:00 VI 08:00\u201314:00 Closed on Sundays and public holidays. Kaunas V. Kr\u0117v\u0117s pr. 81 (next to &#8220;Kauno saul\u0117tekis&#8221;) LT-50362 Kaunas Tel.: (8 37) 35 25 72 Opening times I 09:00\u201318:00, lunch break 12:00\u201313:00 II\u2013V 09:00\u201318:00 VI 09:00\u201314:00 Closed on Sundays and public holidays. Utena Kauno g. 19 LT-28249&#8230;<\/p>\n","protected":false},"author":717,"featured_media":0,"parent":0,"menu_order":0,"comment_status":"closed","ping_status":"closed","template":"","meta":{"footnotes":""},"_links":{"self":[{"href":"https:\/\/www.sekluva.lt\/en\/wp-json\/wp\/v2\/pages\/9174"}],"collection":[{"href":"https:\/\/www.sekluva.lt\/en\/wp-json\/wp\/v2\/pages"}],"about":[{"href":"https:\/\/www.sekluva.lt\/en\/wp-json\/wp\/v2\/types\/page"}],"author":[{"embeddable":true,"href":"https:\/\/www.sekluva.lt\/en\/wp-json\/wp\/v2\/users\/717"}],"replies":[{"embeddable":true,"href":"https:\/\/www.sekluva.lt\/en\/wp-json\/wp\/v2\/comments?post=9174"}],"version-history":[{"count":3,"href":"https:\/\/www.sekluva.lt\/en\/wp-json\/wp\/v2\/pages\/9174\/revisions"}],"predecessor-version":[{"id":47674,"href":"https:\/\/www.sekluva.lt\/en\/wp-json\/wp\/v2\/pages\/9174\/revisions\/47674"}],"wp:attachment":[{"href":"https:\/\/www.sekluva.lt\/en\/wp-json\/wp\/v2\/media?parent=9174"}],"curies":[{"name":"wp","href":"https:\/\/api.w.org\/{rel}","templated":true}]}}